{"id":24,"date":"2023-03-12T15:34:49","date_gmt":"2023-03-12T15:34:49","guid":{"rendered":"https:\/\/rohayhu.org\/?page_id=24"},"modified":"2025-12-02T13:16:19","modified_gmt":"2025-12-02T13:16:19","slug":"inicio","status":"publish","type":"page","link":"https:\/\/rohayhu.org\/","title":{"rendered":"home"},"content":{"rendered":"\n<div class=\"wp-block-cover alignfull\" style=\"min-height:581px;aspect-ratio:unset;\"><img fetchpriority=\"high\" decoding=\"async\" width=\"1280\" height=\"960\" class=\"wp-block-cover__image-background wp-image-91\" alt=\"\" src=\"https:\/\/rohayhu.org\/wp-content\/uploads\/2023\/09\/ce69e255-5044-4fa8-acd4-f348057bec89.jpg\" data-object-fit=\"cover\" srcset=\"https:\/\/rohayhu.org\/wp-content\/uploads\/2023\/09\/ce69e255-5044-4fa8-acd4-f348057bec89.jpg 1280w, https:\/\/rohayhu.org\/wp-content\/uploads\/2023\/09\/ce69e255-5044-4fa8-acd4-f348057bec89-300x225.jpg 300w, https:\/\/rohayhu.org\/wp-content\/uploads\/2023\/09\/ce69e255-5044-4fa8-acd4-f348057bec89-1024x768.jpg 1024w, https:\/\/rohayhu.org\/wp-content\/uploads\/2023\/09\/ce69e255-5044-4fa8-acd4-f348057bec89-768x576.jpg 768w\" sizes=\"(max-width: 1280px) 100vw, 1280px\" \/><span aria-hidden=\"true\" class=\"wp-block-cover__background has-background-dim\"><\/span><div class=\"wp-block-cover__inner-container is-layout-constrained wp-block-cover-is-layout-constrained\">\n<h1 class=\"wp-block-heading has-text-color\" style=\"color:#ffffff\">Promoviendo la educaci\u00f3n en idiomas y STEAM en CDE.<\/h1>\n\n\n\n<p class=\"has-text-color\" style=\"color:#ffffff\">Somos una organizaci\u00f3n que lleva m\u00e1s de dos a\u00f1os impartiendo <strong>cursos gratuitos<\/strong> para introducir a los ni\u00f1os de Ciudad del Este al ingl\u00e9s y STEAM.<\/p>\n<\/div><\/div>\n\n\n\n<div class=\"wp-block-group alignfull has-ast-global-color-5-background-color has-background is-layout-constrained wp-container-core-group-is-layout-9cedb757 wp-block-group-is-layout-constrained\" id=\"whyus\" style=\"padding-bottom:0px\">\n<h2 class=\"wp-block-heading\">\u00bfPor qu\u00e9 nosotros?<\/h2>\n\n\n\n<div class=\"wp-block-columns are-vertically-aligned-top is-layout-flex wp-container-core-columns-is-layout-00723822 wp-block-columns-is-layout-flex\">\n<div class=\"wp-block-column is-vertically-aligned-top is-layout-flow wp-container-core-column-is-layout-6b73ce23 wp-block-column-is-layout-flow\">\n<figure class=\"wp-block-image size-full is-resized\"><img decoding=\"async\" width=\"512\" height=\"512\" src=\"https:\/\/rohayhu.org\/wp-content\/uploads\/2024\/03\/valentine.png\" alt=\"\" class=\"wp-image-130\" style=\"width:48px;height:48px\" srcset=\"https:\/\/rohayhu.org\/wp-content\/uploads\/2024\/03\/valentine.png 512w, https:\/\/rohayhu.org\/wp-content\/uploads\/2024\/03\/valentine-300x300.png 300w, https:\/\/rohayhu.org\/wp-content\/uploads\/2024\/03\/valentine-150x150.png 150w\" sizes=\"(max-width: 512px) 100vw, 512px\" \/><\/figure>\n\n\n\n<h3 class=\"wp-block-heading has-text-align-left\" style=\"margin-top:16px\">Valores<\/h3>\n\n\n\n<p class=\"has-text-align-left\">No solo trabajaremos el \u00e1rea espec\u00edfica, tambi\u00e9n desarrollaremos el trabajo en equipo y otras habilidades.<\/p>\n<\/div>\n\n\n\n<div class=\"wp-block-column is-vertically-aligned-top is-layout-flow wp-container-core-column-is-layout-6b73ce23 wp-block-column-is-layout-flow\">\n<figure class=\"wp-block-image size-full is-resized\"><img decoding=\"async\" width=\"512\" height=\"512\" src=\"https:\/\/rohayhu.org\/wp-content\/uploads\/2024\/03\/paper.png\" alt=\"\" class=\"wp-image-131\" style=\"width:48px;height:48px\" srcset=\"https:\/\/rohayhu.org\/wp-content\/uploads\/2024\/03\/paper.png 512w, https:\/\/rohayhu.org\/wp-content\/uploads\/2024\/03\/paper-300x300.png 300w, https:\/\/rohayhu.org\/wp-content\/uploads\/2024\/03\/paper-150x150.png 150w\" sizes=\"(max-width: 512px) 100vw, 512px\" \/><\/figure>\n\n\n\n<h3 class=\"wp-block-heading has-text-align-left\" style=\"margin-top:16px\">Recursos<\/h3>\n\n\n\n<p class=\"has-text-align-left\">Proveeremos los recursos necesarios para un aprendizaje correcto, teniendo en cuenta la edad de nuestros alumnos.<\/p>\n<\/div>\n\n\n\n<div class=\"wp-block-column is-vertically-aligned-top is-layout-flow wp-container-core-column-is-layout-6b73ce23 wp-block-column-is-layout-flow\">\n<figure class=\"wp-block-image size-full is-resized\"><img loading=\"lazy\" decoding=\"async\" width=\"512\" height=\"512\" src=\"https:\/\/rohayhu.org\/wp-content\/uploads\/2024\/03\/happiness.png\" alt=\"\" class=\"wp-image-133\" style=\"width:46px;height:auto\" srcset=\"https:\/\/rohayhu.org\/wp-content\/uploads\/2024\/03\/happiness.png 512w, https:\/\/rohayhu.org\/wp-content\/uploads\/2024\/03\/happiness-300x300.png 300w, https:\/\/rohayhu.org\/wp-content\/uploads\/2024\/03\/happiness-150x150.png 150w\" sizes=\"(max-width: 512px) 100vw, 512px\" \/><\/figure>\n\n\n\n<h3 class=\"wp-block-heading has-text-align-left\" style=\"margin-top:16px\">Las mejores t\u00e9cnicas<\/h3>\n\n\n\n<p class=\"has-text-align-left\">Usamos las mejores t\u00e9cnicas para que puedan aprender y divertirse, al mismo tiempo.<\/p>\n<\/div>\n\n\n\n<div class=\"wp-block-column is-vertically-aligned-top is-layout-flow wp-container-core-column-is-layout-6b73ce23 wp-block-column-is-layout-flow\">\n<figure class=\"wp-block-image size-full is-resized\"><img loading=\"lazy\" decoding=\"async\" width=\"512\" height=\"512\" src=\"https:\/\/rohayhu.org\/wp-content\/uploads\/2024\/03\/support-1.png\" alt=\"\" class=\"wp-image-134\" style=\"width:46px;height:auto\" srcset=\"https:\/\/rohayhu.org\/wp-content\/uploads\/2024\/03\/support-1.png 512w, https:\/\/rohayhu.org\/wp-content\/uploads\/2024\/03\/support-1-300x300.png 300w, https:\/\/rohayhu.org\/wp-content\/uploads\/2024\/03\/support-1-150x150.png 150w\" sizes=\"(max-width: 512px) 100vw, 512px\" \/><\/figure>\n\n\n\n<h3 class=\"wp-block-heading has-text-align-left\" style=\"margin-top:16px\">Nuestro equipo<\/h3>\n\n\n\n<p class=\"has-text-align-left\">Trabajamos con tutores del Nivel Medio y profesionales de cada \u00e1rea que supervisan el aprendizaje.<\/p>\n<\/div>\n<\/div>\n<\/div>\n\n\n\n<div class=\"wp-block-group alignfull has-ast-global-color-5-background-color has-background is-layout-constrained wp-container-core-group-is-layout-94d206d0 wp-block-group-is-layout-constrained\" id=\"about\" style=\"padding-top:143px;padding-bottom:144px\">\n<h2 class=\"wp-block-heading has-text-align-center\">Nuestros Cursos<\/h2>\n\n\n\n<div style=\"height:30px\" aria-hidden=\"true\" class=\"wp-block-spacer\"><\/div>\n\n\n\n<div class=\"wp-block-media-text has-media-on-the-right is-stacked-on-mobile is-vertically-aligned-center\" style=\"grid-template-columns:auto 46%\"><div class=\"wp-block-media-text__content\">\n<div class=\"inherit-container-width wp-block-group is-layout-constrained wp-container-core-group-is-layout-47ce07ec wp-block-group-is-layout-constrained\" style=\"padding-right:80px\">\n<h2 class=\"wp-block-heading\" style=\"padding-right:40px\">Curso de Verano de ingl\u00e9s desde 0<\/h2>\n\n\n\n<p><em><strong>Terminado<\/strong><\/em><\/p>\n\n\n\n<h3 class=\"wp-block-heading\"><strong>\u00a1+75 Ni\u00f1os ya tomaron cursos de ingl\u00e9s con nosotros!<\/strong><\/h3>\n\n\n\n<div class=\"wp-block-buttons is-layout-flex wp-block-buttons-is-layout-flex\">\n<div class=\"wp-block-button\"><a class=\"wp-block-button__link wp-element-button\" href=\"https:\/\/rohayhu.org\/?p=148\">Ver m\u00e1s<\/a><\/div>\n<\/div>\n<\/div>\n<\/div><figure class=\"wp-block-media-text__media\"><img loading=\"lazy\" decoding=\"async\" width=\"819\" height=\"1024\" src=\"https:\/\/rohayhu.org\/wp-content\/uploads\/2024\/12\/1-819x1024.png\" alt=\"\" class=\"wp-image-176 size-full\" srcset=\"https:\/\/rohayhu.org\/wp-content\/uploads\/2024\/12\/1-819x1024.png 819w, https:\/\/rohayhu.org\/wp-content\/uploads\/2024\/12\/1-240x300.png 240w, https:\/\/rohayhu.org\/wp-content\/uploads\/2024\/12\/1-768x960.png 768w, https:\/\/rohayhu.org\/wp-content\/uploads\/2024\/12\/1.png 1080w\" sizes=\"(max-width: 819px) 100vw, 819px\" \/><\/figure><\/div>\n\n\n\n<hr class=\"wp-block-separator has-alpha-channel-opacity is-style-dots\"\/>\n\n\n\n<div class=\"wp-block-media-text has-media-on-the-right is-stacked-on-mobile is-vertically-aligned-center\" style=\"grid-template-columns:auto 45%\"><div class=\"wp-block-media-text__content\">\n<div class=\"inherit-container-width wp-block-group is-layout-constrained wp-container-core-group-is-layout-47ce07ec wp-block-group-is-layout-constrained\" style=\"padding-right:80px\">\n<h2 class=\"wp-block-heading\" style=\"padding-right:40px\">Curso de Rob\u00f3tica desde 0 <\/h2>\n\n\n\n<p><em><strong>TERMINADO<\/strong><\/em><\/p>\n\n\n\n<h3 class=\"wp-block-heading\"><strong>\u00a1+25 Ni\u00f1os ya Tomaron nuestro curso de rob\u00f3tica!<\/strong><\/h3>\n\n\n\n<div class=\"wp-block-buttons is-layout-flex wp-block-buttons-is-layout-flex\">\n<div class=\"wp-block-button\"><a class=\"wp-block-button__link wp-element-button\" href=\"https:\/\/rohayhu.org\/?p=156\">Ver m\u00e1s<\/a><\/div>\n<\/div>\n<\/div>\n<\/div><figure class=\"wp-block-media-text__media\"><img loading=\"lazy\" decoding=\"async\" width=\"1024\" height=\"1024\" src=\"https:\/\/rohayhu.org\/wp-content\/uploads\/2024\/12\/2-1024x1024.png\" alt=\"\" class=\"wp-image-175 size-full\" srcset=\"https:\/\/rohayhu.org\/wp-content\/uploads\/2024\/12\/2-1024x1024.png 1024w, https:\/\/rohayhu.org\/wp-content\/uploads\/2024\/12\/2-300x300.png 300w, https:\/\/rohayhu.org\/wp-content\/uploads\/2024\/12\/2-150x150.png 150w, https:\/\/rohayhu.org\/wp-content\/uploads\/2024\/12\/2-768x768.png 768w, https:\/\/rohayhu.org\/wp-content\/uploads\/2024\/12\/2.png 1080w\" sizes=\"(max-width: 1024px) 100vw, 1024px\" \/><\/figure><\/div>\n<\/div>\n\n\n\n<div class=\"wp-block-cover alignfull\"><span aria-hidden=\"true\" class=\"wp-block-cover__background has-ast-global-color-4-background-color has-background-dim-100 has-background-dim\"><\/span><div class=\"wp-block-cover__inner-container is-layout-constrained wp-block-cover-is-layout-constrained\">\n<h2 class=\"wp-block-heading has-text-align-center has-text-color\" style=\"color:#ffffff\">Misi\u00f3n y Visi\u00f3n<\/h2>\n\n\n\n<hr class=\"wp-block-separator has-alpha-channel-opacity is-style-dots\"\/>\n\n\n\n<div class=\"wp-block-columns alignfull are-vertically-aligned-bottom is-layout-flex wp-container-core-columns-is-layout-28f84493 wp-block-columns-is-layout-flex\">\n<div class=\"wp-block-column is-vertically-aligned-bottom is-layout-flow wp-block-column-is-layout-flow\">\n<h3 class=\"wp-block-heading has-text-align-center has-text-color\" style=\"color:#ffffff\">MISI\u00d3N<\/h3>\n\n\n\n<p class=\"has-text-align-center has-text-color\" style=\"color:#ffffff\">Lograr acercar a los ni\u00f1os de Ciudad del Este a la educaci\u00f3n en idiomas y STEAM, desarrollando habilidades que impactar\u00e1n su vida y los preparar\u00e1n para ser piezas clave en resolver los desaf\u00edos del siglo XXI.<\/p>\n<\/div>\n\n\n\n<div class=\"wp-block-column is-vertically-aligned-bottom is-layout-flow wp-block-column-is-layout-flow\">\n<h3 class=\"wp-block-heading has-text-align-center has-text-color\" style=\"color:#ffffff\">VISI\u00d3N<\/h3>\n\n\n\n<p class=\"has-text-align-center has-text-color\" style=\"color:#ffffff\">Volvernos una organizaci\u00f3n reconocida por su esfuerzo en democratizar la educaci\u00f3n en idiomas y STEAM, logrando que cualquier ni\u00f1o que desee expandir su horizonte conociendo nuevas oportunidades lo pueda hacer.<\/p>\n<\/div>\n<\/div>\n<\/div><\/div>\n\n\n\n<div class=\"wp-block-cover alignfull\"><span aria-hidden=\"true\" class=\"wp-block-cover__background has-ast-global-color-1-background-color has-background-dim-100 has-background-dim\"><\/span><div class=\"wp-block-cover__inner-container is-layout-constrained wp-block-cover-is-layout-constrained\">\n<h2 class=\"wp-block-heading has-text-align-center has-text-color\" style=\"color:#ffffff\">\u00a1Mant\u00e9nte atento a las novedades!<\/h2>\n\n\n\n<ul class=\"wp-block-social-links aligncenter has-large-icon-size is-layout-flex wp-block-social-links-is-layout-flex\"><li class=\"wp-social-link wp-social-link-facebook  wp-block-social-link\"><a href=\"https:\/\/www.facebook.com\/profile.php?id=100091445678976&#038;mibextid=LQQJ4d\" class=\"wp-block-social-link-anchor\"><svg width=\"24\" height=\"24\" viewBox=\"0 0 24 24\" version=\"1.1\" xmlns=\"http:\/\/www.w3.org\/2000\/svg\" aria-hidden=\"true\" focusable=\"false\"><path d=\"M12 2C6.5 2 2 6.5 2 12c0 5 3.7 9.1 8.4 9.9v-7H7.9V12h2.5V9.8c0-2.5 1.5-3.9 3.8-3.9 1.1 0 2.2.2 2.2.2v2.5h-1.3c-1.2 0-1.6.8-1.6 1.6V12h2.8l-.4 2.9h-2.3v7C18.3 21.1 22 17 22 12c0-5.5-4.5-10-10-10z\"><\/path><\/svg><span class=\"wp-block-social-link-label screen-reader-text\">Facebook<\/span><\/a><\/li>\n\n<li class=\"wp-social-link wp-social-link-instagram  wp-block-social-link\"><a href=\"http:\/\/www.instagram.com\/rohayhu_org\" class=\"wp-block-social-link-anchor\"><svg width=\"24\" height=\"24\" viewBox=\"0 0 24 24\" version=\"1.1\" xmlns=\"http:\/\/www.w3.org\/2000\/svg\" aria-hidden=\"true\" focusable=\"false\"><path d=\"M12,4.622c2.403,0,2.688,0.009,3.637,0.052c0.877,0.04,1.354,0.187,1.671,0.31c0.42,0.163,0.72,0.358,1.035,0.673 c0.315,0.315,0.51,0.615,0.673,1.035c0.123,0.317,0.27,0.794,0.31,1.671c0.043,0.949,0.052,1.234,0.052,3.637 s-0.009,2.688-0.052,3.637c-0.04,0.877-0.187,1.354-0.31,1.671c-0.163,0.42-0.358,0.72-0.673,1.035 c-0.315,0.315-0.615,0.51-1.035,0.673c-0.317,0.123-0.794,0.27-1.671,0.31c-0.949,0.043-1.233,0.052-3.637,0.052 s-2.688-0.009-3.637-0.052c-0.877-0.04-1.354-0.187-1.671-0.31c-0.42-0.163-0.72-0.358-1.035-0.673 c-0.315-0.315-0.51-0.615-0.673-1.035c-0.123-0.317-0.27-0.794-0.31-1.671C4.631,14.688,4.622,14.403,4.622,12 s0.009-2.688,0.052-3.637c0.04-0.877,0.187-1.354,0.31-1.671c0.163-0.42,0.358-0.72,0.673-1.035 c0.315-0.315,0.615-0.51,1.035-0.673c0.317-0.123,0.794-0.27,1.671-0.31C9.312,4.631,9.597,4.622,12,4.622 M12,3 C9.556,3,9.249,3.01,8.289,3.054C7.331,3.098,6.677,3.25,6.105,3.472C5.513,3.702,5.011,4.01,4.511,4.511 c-0.5,0.5-0.808,1.002-1.038,1.594C3.25,6.677,3.098,7.331,3.054,8.289C3.01,9.249,3,9.556,3,12c0,2.444,0.01,2.751,0.054,3.711 c0.044,0.958,0.196,1.612,0.418,2.185c0.23,0.592,0.538,1.094,1.038,1.594c0.5,0.5,1.002,0.808,1.594,1.038 c0.572,0.222,1.227,0.375,2.185,0.418C9.249,20.99,9.556,21,12,21s2.751-0.01,3.711-0.054c0.958-0.044,1.612-0.196,2.185-0.418 c0.592-0.23,1.094-0.538,1.594-1.038c0.5-0.5,0.808-1.002,1.038-1.594c0.222-0.572,0.375-1.227,0.418-2.185 C20.99,14.751,21,14.444,21,12s-0.01-2.751-0.054-3.711c-0.044-0.958-0.196-1.612-0.418-2.185c-0.23-0.592-0.538-1.094-1.038-1.594 c-0.5-0.5-1.002-0.808-1.594-1.038c-0.572-0.222-1.227-0.375-2.185-0.418C14.751,3.01,14.444,3,12,3L12,3z M12,7.378 c-2.552,0-4.622,2.069-4.622,4.622S9.448,16.622,12,16.622s4.622-2.069,4.622-4.622S14.552,7.378,12,7.378z M12,15 c-1.657,0-3-1.343-3-3s1.343-3,3-3s3,1.343,3,3S13.657,15,12,15z M16.804,6.116c-0.596,0-1.08,0.484-1.08,1.08 s0.484,1.08,1.08,1.08c0.596,0,1.08-0.484,1.08-1.08S17.401,6.116,16.804,6.116z\"><\/path><\/svg><span class=\"wp-block-social-link-label screen-reader-text\">Instagram<\/span><\/a><\/li><\/ul>\n<\/div><\/div>\n","protected":false},"excerpt":{"rendered":"<p>\u00bfPor qu\u00e9 nosotros? Valores No solo trabajaremos el \u00e1rea espec\u00edfica, tambi\u00e9n desarrollaremos el trabajo en equipo y otras habilidades. Recursos Proveeremos los recursos necesarios para un aprendizaje correcto, teniendo en cuenta la edad de nuestros alumnos. Las mejores t\u00e9cnicas Usamos las mejores t\u00e9cnicas para que puedan aprender y divertirse, al mismo tiempo. Nuestro equipo Trabajamos [&hellip;]<\/p>\n","protected":false},"author":1,"featured_media":0,"parent":0,"menu_order":0,"comment_status":"closed","ping_status":"closed","template":"","meta":{"site-sidebar-layout":"no-sidebar","site-content-layout":"plain-container","ast-site-content-layout":"normal-width-container","site-content-style":"unboxed","site-sidebar-style":"unboxed","ast-global-header-display":"","ast-banner-title-visibility":"","ast-main-header-display":"","ast-hfb-above-header-display":"","ast-hfb-below-header-display":"","ast-hfb-mobile-header-display":"","site-post-title":"disabled","ast-breadcrumbs-content":"","ast-featured-img":"","footer-sml-layout":"","theme-transparent-header-meta":"enabled","adv-header-id-meta":"","stick-header-meta":"","header-above-stick-meta":"","header-main-stick-meta":"","header-below-stick-meta":"","astra-migrate-meta-layouts":"set","ast-page-background-enabled":"default","ast-page-background-meta":{"desktop":{"background-color":"var(--ast-global-color-4)","background-image":"","background-repeat":"repeat","background-position":"center center","background-size":"auto","background-attachment":"scroll","background-type":"","background-media":"","overlay-type":"","overlay-color":"","overlay-opacity":"","overlay-gradient":""},"tablet":{"background-color":"","background-image":"","background-repeat":"repeat","background-position":"center center","background-size":"auto","background-attachment":"scroll","background-type":"","background-media":"","overlay-type":"","overlay-color":"","overlay-opacity":"","overlay-gradient":""},"mobile":{"background-color":"","background-image":"","background-repeat":"repeat","background-position":"center center","background-size":"auto","background-attachment":"scroll","background-type":"","background-media":"","overlay-type":"","overlay-color":"","overlay-opacity":"","overlay-gradient":""}},"ast-content-background-meta":{"desktop":{"background-color":"var(--ast-global-color-5)","background-image":"","background-repeat":"repeat","background-position":"center center","background-size":"auto","background-attachment":"scroll","background-type":"","background-media":"","overlay-type":"","overlay-color":"","overlay-opacity":"","overlay-gradient":""},"tablet":{"background-color":"var(--ast-global-color-5)","background-image":"","background-repeat":"repeat","background-position":"center center","background-size":"auto","background-attachment":"scroll","background-type":"","background-media":"","overlay-type":"","overlay-color":"","overlay-opacity":"","overlay-gradient":""},"mobile":{"background-color":"var(--ast-global-color-5)","background-image":"","background-repeat":"repeat","background-position":"center center","background-size":"auto","background-attachment":"scroll","background-type":"","background-media":"","overlay-type":"","overlay-color":"","overlay-opacity":"","overlay-gradient":""}},"footnotes":""},"class_list":["post-24","page","type-page","status-publish","hentry"],"_links":{"self":[{"href":"https:\/\/rohayhu.org\/index.php?rest_route=\/wp\/v2\/pages\/24","targetHints":{"allow":["GET"]}}],"collection":[{"href":"https:\/\/rohayhu.org\/index.php?rest_route=\/wp\/v2\/pages"}],"about":[{"href":"https:\/\/rohayhu.org\/index.php?rest_route=\/wp\/v2\/types\/page"}],"author":[{"embeddable":true,"href":"https:\/\/rohayhu.org\/index.php?rest_route=\/wp\/v2\/users\/1"}],"replies":[{"embeddable":true,"href":"https:\/\/rohayhu.org\/index.php?rest_route=%2Fwp%2Fv2%2Fcomments&post=24"}],"version-history":[{"count":39,"href":"https:\/\/rohayhu.org\/index.php?rest_route=\/wp\/v2\/pages\/24\/revisions"}],"predecessor-version":[{"id":193,"href":"https:\/\/rohayhu.org\/index.php?rest_route=\/wp\/v2\/pages\/24\/revisions\/193"}],"wp:attachment":[{"href":"https:\/\/rohayhu.org\/index.php?rest_route=%2Fwp%2Fv2%2Fmedia&parent=24"}],"curies":[{"name":"wp","href":"https:\/\/api.w.org\/{rel}","templated":true}]}}